{"id":33,"date":"2023-06-05T04:34:19","date_gmt":"2023-06-05T04:34:19","guid":{"rendered":"https:\/\/www.apedefa.pe\/?page_id=33"},"modified":"2023-06-12T23:00:57","modified_gmt":"2023-06-12T23:00:57","slug":"servicios","status":"publish","type":"page","link":"https:\/\/www.apedefa.pe\/?page_id=33","title":{"rendered":"Servicios"},"content":{"rendered":"\t\t<div data-elementor-type=\"wp-page\" data-elementor-id=\"33\" class=\"elementor elementor-33\" data-elementor-post-type=\"page\">\n\t\t\t\t<div class=\"elementor-element elementor-element-6906821 e-con-full e-flex e-con e-parent\" data-id=\"6906821\" data-element_type=\"container\" data-settings=\"{&quot;background_background&quot;:&quot;classic&quot;}\">\n\t\t\t\t<div class=\"elementor-element elementor-element-dac08ae elementor-widget elementor-widget-image\" data-id=\"dac08ae\" data-element_type=\"widget\" data-widget_type=\"image.default\">\n\t\t\t\t<div class=\"elementor-widget-container\">\n\t\t\t<style>\/*! elementor - v3.21.0 - 20-05-2024 *\/\n.elementor-widget-image{text-align:center}.elementor-widget-image a{display:inline-block}.elementor-widget-image a img[src$=\".svg\"]{width:48px}.elementor-widget-image img{vertical-align:middle;display:inline-block}<\/style>\t\t\t\t\t\t\t\t\t\t<img fetchpriority=\"high\" decoding=\"async\" width=\"1024\" height=\"1024\" src=\"https:\/\/www.apedefa.pe\/wp-content\/uploads\/2023\/06\/padre-e-hijo-jugar-afuera-1024x1024.jpg\" class=\"attachment-large size-large wp-image-310\" alt=\"\" srcset=\"https:\/\/www.apedefa.pe\/wp-content\/uploads\/2023\/06\/padre-e-hijo-jugar-afuera-1024x1024.jpg 1024w, https:\/\/www.apedefa.pe\/wp-content\/uploads\/2023\/06\/padre-e-hijo-jugar-afuera-300x300.jpg 300w, https:\/\/www.apedefa.pe\/wp-content\/uploads\/2023\/06\/padre-e-hijo-jugar-afuera-150x150.jpg 150w, https:\/\/www.apedefa.pe\/wp-content\/uploads\/2023\/06\/padre-e-hijo-jugar-afuera-768x768.jpg 768w, https:\/\/www.apedefa.pe\/wp-content\/uploads\/2023\/06\/padre-e-hijo-jugar-afuera-1536x1536.jpg 1536w, https:\/\/www.apedefa.pe\/wp-content\/uploads\/2023\/06\/padre-e-hijo-jugar-afuera-2048x2048.jpg 2048w, https:\/\/www.apedefa.pe\/wp-content\/uploads\/2023\/06\/padre-e-hijo-jugar-afuera-1140x1140.jpg 1140w, https:\/\/www.apedefa.pe\/wp-content\/uploads\/2023\/06\/padre-e-hijo-jugar-afuera-920x920.jpg 920w, https:\/\/www.apedefa.pe\/wp-content\/uploads\/2023\/06\/padre-e-hijo-jugar-afuera-575x575.jpg 575w, https:\/\/www.apedefa.pe\/wp-content\/uploads\/2023\/06\/padre-e-hijo-jugar-afuera-380x380.jpg 380w\" sizes=\"(max-width: 1024px) 100vw, 1024px\" \/>\t\t\t\t\t\t\t\t\t\t\t\t\t<\/div>\n\t\t\t\t<\/div>\n\t\t\t\t<div class=\"elementor-element elementor-element-896bcf0 elementor-widget elementor-widget-premium-icon-list\" data-id=\"896bcf0\" data-element_type=\"widget\" data-settings=\"{&quot;premium_icon_list_animation&quot;:&quot;zoomIn&quot;,&quot;premium_icon_list_animation_delay&quot;:0,&quot;rbadges_repeater&quot;:[]}\" data-widget_type=\"premium-icon-list.default\">\n\t\t\t\t<div class=\"elementor-widget-container\">\n\t\t\t\t\t\t<ul class=\"premium-bullet-list-box\" data-list-animation=\"zoomIn animated-fast\">\n\t\t\n\t\t\t<li class=\"premium-bullet-list-content elementor-repeater-item-753268c premium-bullet-list-content-grow-lc\" data-delay=\"0\">\n\t\t\t\t<div class=\"premium-bullet-list-text\">\n\t\t\t\t\t\t\t\t<div class=\"premium-bullet-list-wrapper\">\n\t\t\t\t\t<img decoding=\"async\" src=\"https:\/\/www.apedefa.pe\/wp-content\/uploads\/2023\/06\/icons8-comprobado.svg\" alt=\"icons8-comprobado\">\t\t\t\t<\/div>\n\t\t\t\t\n\t\t\t\t<span   data-text=\"Crear, promover y divulgar pol\u00edticas para desarrollar, informar y analizar el Derecho de Familia en el Per\u00fa.\"> Crear, promover y divulgar pol\u00edticas para desarrollar, informar y analizar el Derecho de Familia en el Per\u00fa. <\/span>\n\t\t\t\t<\/div>\n\n\t\t\t\t\n\t\t\t\t\n\t\t\t<\/li>\n\n\t\t\t\t\n\t\t\t<li class=\"premium-bullet-list-content elementor-repeater-item-f2f832c premium-bullet-list-content-grow-lc\" data-delay=\"0\">\n\t\t\t\t<div class=\"premium-bullet-list-text\">\n\t\t\t\t\t\t\t\t<div class=\"premium-bullet-list-wrapper\">\n\t\t\t\t\t<img decoding=\"async\" src=\"https:\/\/www.apedefa.pe\/wp-content\/uploads\/2023\/06\/icons8-comprobado.svg\" alt=\"icons8-comprobado\">\t\t\t\t<\/div>\n\t\t\t\t\n\t\t\t\t<span   data-text=\"Promover modificaciones normativas relativas a temas de familia.\"> Promover modificaciones normativas relativas a temas de familia. <\/span>\n\t\t\t\t<\/div>\n\n\t\t\t\t\n\t\t\t\t\n\t\t\t<\/li>\n\n\t\t\t\t\n\t\t\t<li class=\"premium-bullet-list-content elementor-repeater-item-8bd96b3 premium-bullet-list-content-grow-lc\" data-delay=\"0\">\n\t\t\t\t<div class=\"premium-bullet-list-text\">\n\t\t\t\t\t\t\t\t<div class=\"premium-bullet-list-wrapper\">\n\t\t\t\t\t<img decoding=\"async\" src=\"https:\/\/www.apedefa.pe\/wp-content\/uploads\/2023\/06\/icons8-comprobado.svg\" alt=\"icons8-comprobado\">\t\t\t\t<\/div>\n\t\t\t\t\n\t\t\t\t<span   data-text=\"Brindar asistencia legal y psicol\u00f3gica a los padres o integrantes del grupo familiar que lo requieran.\"> Brindar asistencia legal y psicol\u00f3gica a los padres o integrantes del grupo familiar que lo requieran. <\/span>\n\t\t\t\t<\/div>\n\n\t\t\t\t\n\t\t\t\t\n\t\t\t<\/li>\n\n\t\t\t\t\n\t\t\t<li class=\"premium-bullet-list-content elementor-repeater-item-e21949f premium-bullet-list-content-grow-lc\" data-delay=\"0\">\n\t\t\t\t<div class=\"premium-bullet-list-text\">\n\t\t\t\t\t\t\t\t<div class=\"premium-bullet-list-wrapper\">\n\t\t\t\t\t<img decoding=\"async\" src=\"https:\/\/www.apedefa.pe\/wp-content\/uploads\/2023\/06\/icons8-comprobado.svg\" alt=\"icons8-comprobado\">\t\t\t\t<\/div>\n\t\t\t\t\n\t\t\t\t<span   data-text=\"Realizar consultor\u00edas, charlas, conferencias, talleres, cursos y capacitaciones respecto a temas vinculados a la familia.\"> Realizar consultor\u00edas, charlas, conferencias, talleres, cursos y capacitaciones respecto a temas vinculados a la familia. <\/span>\n\t\t\t\t<\/div>\n\n\t\t\t\t\n\t\t\t\t\n\t\t\t<\/li>\n\n\t\t\t\t\t\t<\/ul>\n\t\t\t\t<\/div>\n\t\t\t\t<\/div>\n\t\t\t\t<\/div>\n\t\t<div class=\"elementor-element elementor-element-f29d67b e-flex e-con-boxed e-con e-parent\" data-id=\"f29d67b\" data-element_type=\"container\">\n\t\t\t\t\t<div class=\"e-con-inner\">\n\t\t\t\t<div class=\"elementor-element elementor-element-f7d4ed9 elementor-widget__width-initial elementor-fixed elementor-shape-rounded elementor-grid-0 e-grid-align-center elementor-widget elementor-widget-social-icons\" data-id=\"f7d4ed9\" data-element_type=\"widget\" data-settings=\"{&quot;_position&quot;:&quot;fixed&quot;}\" data-widget_type=\"social-icons.default\">\n\t\t\t\t<div class=\"elementor-widget-container\">\n\t\t\t<style>\/*! elementor - v3.21.0 - 20-05-2024 *\/\n.elementor-widget-social-icons.elementor-grid-0 .elementor-widget-container,.elementor-widget-social-icons.elementor-grid-mobile-0 .elementor-widget-container,.elementor-widget-social-icons.elementor-grid-tablet-0 .elementor-widget-container{line-height:1;font-size:0}.elementor-widget-social-icons:not(.elementor-grid-0):not(.elementor-grid-tablet-0):not(.elementor-grid-mobile-0) .elementor-grid{display:inline-grid}.elementor-widget-social-icons .elementor-grid{grid-column-gap:var(--grid-column-gap,5px);grid-row-gap:var(--grid-row-gap,5px);grid-template-columns:var(--grid-template-columns);justify-content:var(--justify-content,center);justify-items:var(--justify-content,center)}.elementor-icon.elementor-social-icon{font-size:var(--icon-size,25px);line-height:var(--icon-size,25px);width:calc(var(--icon-size, 25px) + 2 * var(--icon-padding, .5em));height:calc(var(--icon-size, 25px) + 2 * var(--icon-padding, .5em))}.elementor-social-icon{--e-social-icon-icon-color:#fff;display:inline-flex;background-color:#69727d;align-items:center;justify-content:center;text-align:center;cursor:pointer}.elementor-social-icon i{color:var(--e-social-icon-icon-color)}.elementor-social-icon svg{fill:var(--e-social-icon-icon-color)}.elementor-social-icon:last-child{margin:0}.elementor-social-icon:hover{opacity:.9;color:#fff}.elementor-social-icon-android{background-color:#a4c639}.elementor-social-icon-apple{background-color:#999}.elementor-social-icon-behance{background-color:#1769ff}.elementor-social-icon-bitbucket{background-color:#205081}.elementor-social-icon-codepen{background-color:#000}.elementor-social-icon-delicious{background-color:#39f}.elementor-social-icon-deviantart{background-color:#05cc47}.elementor-social-icon-digg{background-color:#005be2}.elementor-social-icon-dribbble{background-color:#ea4c89}.elementor-social-icon-elementor{background-color:#d30c5c}.elementor-social-icon-envelope{background-color:#ea4335}.elementor-social-icon-facebook,.elementor-social-icon-facebook-f{background-color:#3b5998}.elementor-social-icon-flickr{background-color:#0063dc}.elementor-social-icon-foursquare{background-color:#2d5be3}.elementor-social-icon-free-code-camp,.elementor-social-icon-freecodecamp{background-color:#006400}.elementor-social-icon-github{background-color:#333}.elementor-social-icon-gitlab{background-color:#e24329}.elementor-social-icon-globe{background-color:#69727d}.elementor-social-icon-google-plus,.elementor-social-icon-google-plus-g{background-color:#dd4b39}.elementor-social-icon-houzz{background-color:#7ac142}.elementor-social-icon-instagram{background-color:#262626}.elementor-social-icon-jsfiddle{background-color:#487aa2}.elementor-social-icon-link{background-color:#818a91}.elementor-social-icon-linkedin,.elementor-social-icon-linkedin-in{background-color:#0077b5}.elementor-social-icon-medium{background-color:#00ab6b}.elementor-social-icon-meetup{background-color:#ec1c40}.elementor-social-icon-mixcloud{background-color:#273a4b}.elementor-social-icon-odnoklassniki{background-color:#f4731c}.elementor-social-icon-pinterest{background-color:#bd081c}.elementor-social-icon-product-hunt{background-color:#da552f}.elementor-social-icon-reddit{background-color:#ff4500}.elementor-social-icon-rss{background-color:#f26522}.elementor-social-icon-shopping-cart{background-color:#4caf50}.elementor-social-icon-skype{background-color:#00aff0}.elementor-social-icon-slideshare{background-color:#0077b5}.elementor-social-icon-snapchat{background-color:#fffc00}.elementor-social-icon-soundcloud{background-color:#f80}.elementor-social-icon-spotify{background-color:#2ebd59}.elementor-social-icon-stack-overflow{background-color:#fe7a15}.elementor-social-icon-steam{background-color:#00adee}.elementor-social-icon-stumbleupon{background-color:#eb4924}.elementor-social-icon-telegram{background-color:#2ca5e0}.elementor-social-icon-threads{background-color:#000}.elementor-social-icon-thumb-tack{background-color:#1aa1d8}.elementor-social-icon-tripadvisor{background-color:#589442}.elementor-social-icon-tumblr{background-color:#35465c}.elementor-social-icon-twitch{background-color:#6441a5}.elementor-social-icon-twitter{background-color:#1da1f2}.elementor-social-icon-viber{background-color:#665cac}.elementor-social-icon-vimeo{background-color:#1ab7ea}.elementor-social-icon-vk{background-color:#45668e}.elementor-social-icon-weibo{background-color:#dd2430}.elementor-social-icon-weixin{background-color:#31a918}.elementor-social-icon-whatsapp{background-color:#25d366}.elementor-social-icon-wordpress{background-color:#21759b}.elementor-social-icon-x-twitter{background-color:#000}.elementor-social-icon-xing{background-color:#026466}.elementor-social-icon-yelp{background-color:#af0606}.elementor-social-icon-youtube{background-color:#cd201f}.elementor-social-icon-500px{background-color:#0099e5}.elementor-shape-rounded .elementor-icon.elementor-social-icon{border-radius:10%}.elementor-shape-circle .elementor-icon.elementor-social-icon{border-radius:50%}<\/style>\t\t<div class=\"elementor-social-icons-wrapper elementor-grid\">\n\t\t\t\t\t\t\t<span class=\"elementor-grid-item\">\n\t\t\t\t\t<a class=\"elementor-icon elementor-social-icon elementor-social-icon-facebook elementor-repeater-item-f26706b\" href=\"https:\/\/www.facebook.com\/ErnestoNunezPuente?mibextid=LQQJ4d\" target=\"_blank\">\n\t\t\t\t\t\t<span class=\"elementor-screen-only\">Facebook<\/span>\n\t\t\t\t\t\t<i class=\"fab fa-facebook\"><\/i>\t\t\t\t\t<\/a>\n\t\t\t\t<\/span>\n\t\t\t\t\t\t\t<span class=\"elementor-grid-item\">\n\t\t\t\t\t<a class=\"elementor-icon elementor-social-icon elementor-social-icon-instagram elementor-repeater-item-aeb451a\" href=\"https:\/\/instagram.com\/ernesto.nunezpuente?igshid=OGQ5ZDc2ODk2ZA==\" target=\"_blank\">\n\t\t\t\t\t\t<span class=\"elementor-screen-only\">Instagram<\/span>\n\t\t\t\t\t\t<i class=\"fab fa-instagram\"><\/i>\t\t\t\t\t<\/a>\n\t\t\t\t<\/span>\n\t\t\t\t\t\t\t<span class=\"elementor-grid-item\">\n\t\t\t\t\t<a class=\"elementor-icon elementor-social-icon elementor-social-icon-tiktok elementor-repeater-item-69b5866\" href=\"https:\/\/www.tiktok.com\/@ernestonunez2022?_t=8d5JTMGK1hu&#038;_r=1\" target=\"_blank\">\n\t\t\t\t\t\t<span class=\"elementor-screen-only\">Tiktok<\/span>\n\t\t\t\t\t\t<i class=\"fab fa-tiktok\"><\/i>\t\t\t\t\t<\/a>\n\t\t\t\t<\/span>\n\t\t\t\t\t\t\t<span class=\"elementor-grid-item\">\n\t\t\t\t\t<a class=\"elementor-icon elementor-social-icon elementor-social-icon-linkedin elementor-repeater-item-c69161c\" target=\"_blank\">\n\t\t\t\t\t\t<span class=\"elementor-screen-only\">Linkedin<\/span>\n\t\t\t\t\t\t<i class=\"fab fa-linkedin\"><\/i>\t\t\t\t\t<\/a>\n\t\t\t\t<\/span>\n\t\t\t\t\t<\/div>\n\t\t\t\t<\/div>\n\t\t\t\t<\/div>\n\t\t\t\t\t<\/div>\n\t\t\t\t<\/div>\n\t\t\t\t<\/div>\n\t\t","protected":false},"excerpt":{"rendered":"<p>Crear, promover y divulgar pol\u00edticas para desarrollar, informar y analizar el Derecho de Familia en el Per\u00fa. Promover modificaciones normativas relativas a temas de familia. Brindar asistencia legal y psicol\u00f3gica [&hellip;]<\/p>\n","protected":false},"author":1,"featured_media":0,"parent":0,"menu_order":0,"comment_status":"closed","ping_status":"closed","template":"","meta":[],"_links":{"self":[{"href":"https:\/\/www.apedefa.pe\/index.php?rest_route=\/wp\/v2\/pages\/33"}],"collection":[{"href":"https:\/\/www.apedefa.pe\/index.php?rest_route=\/wp\/v2\/pages"}],"about":[{"href":"https:\/\/www.apedefa.pe\/index.php?rest_route=\/wp\/v2\/types\/page"}],"author":[{"embeddable":true,"href":"https:\/\/www.apedefa.pe\/index.php?rest_route=\/wp\/v2\/users\/1"}],"replies":[{"embeddable":true,"href":"https:\/\/www.apedefa.pe\/index.php?rest_route=%2Fwp%2Fv2%2Fcomments&post=33"}],"version-history":[{"count":26,"href":"https:\/\/www.apedefa.pe\/index.php?rest_route=\/wp\/v2\/pages\/33\/revisions"}],"predecessor-version":[{"id":546,"href":"https:\/\/www.apedefa.pe\/index.php?rest_route=\/wp\/v2\/pages\/33\/revisions\/546"}],"wp:attachment":[{"href":"https:\/\/www.apedefa.pe\/index.php?rest_route=%2Fwp%2Fv2%2Fmedia&parent=33"}],"curies":[{"name":"wp","href":"https:\/\/api.w.org\/{rel}","templated":true}]}}